{"id":68,"date":"2015-11-02T23:30:36","date_gmt":"2015-11-02T23:30:36","guid":{"rendered":"http:\/\/fotokom-szczecin24.pl\/?page_id=68"},"modified":"2016-03-13T18:11:01","modified_gmt":"2016-03-13T17:11:01","slug":"uber-uns","status":"publish","type":"page","link":"https:\/\/arekkowal.pl\/?page_id=68&lang=de","title":{"rendered":"\u00dcber Uns"},"content":{"rendered":"<div class=\"left_text\">\n<p>Das Unternehmen KOWAL wurde im Jahre 2000 gegr\u00fcndet und befindet sich vollst\u00e4ndig in privater Hand. Es betreibt Schiffbau und Stahlkonstruktionen und ist spezialisiert auf die Reparatur von Schiffen, Schleppern, Schuten und anderen Wasserfahrzeugen.<\/p>\n<p>Dar\u00fcberhinaus planen und konstruieren wir auch Sonderanfertigungen spezieller Art nach Massgabe und W\u00fcnschen der Kunden und sind bereit, die Herstellung der Werkst\u00fccke von der Planung bis zur Ablieferung zu begleiten und zu beaufsichtigen. Wir haben zugleich langj\u00e4hrige Erfahrung in der Modernisierung und Rekonstruktion von Schiffen und besonderen Wasserfahrzeugen.<\/p>\n<p>Spezielle Stahl- und Aluminiumkonstruktionen und ganze Industrieanlagen k\u00f6nnen wir in Stettin und Swinem\u00fcnde wie auch in anderen, von den Kunden gew\u00fcnschten H\u00e4fen realisieren. Wir sind offen f\u00fcr alle Vorschl\u00e4ge, die von den Auftraggebern &#8211; seien es Gesellschaften, Investoren oder Schiffseigner &#8211; gemacht werden.<\/p>\n<p>Wir arbeiten jedoch nicht nur in Schiffbau und maritimer Industrie, sondern fertigen auf Wunsch auch metallurgische Produkte mobil in allen k\u00fcstenfernen Standorten in Polen wie in Europa, die von den Kunden gew\u00fcnscht werden.<\/p>\n<p>Ferner vermitteln wir Fracht- und Liefervertr\u00e4ge zwischen Produzenten und Kunden in Polen und anderen L\u00e4ndern Europas und in \u00dcbersee.<\/p>\n<\/div>\n","protected":false},"excerpt":{"rendered":"<p>Das Unternehmen KOWAL wurde im Jahre 2000 gegr\u00fcndet und befindet sich vollst\u00e4ndig in privater Hand. Es betreibt Schiffbau und Stahlkonstruktionen und ist spezialisiert auf die Reparatur von Schiffen, Schleppern, Schuten und anderen Wasserfahrzeugen. Dar\u00fcberhinaus planen und konstruieren wir auch Sonderanfertigungen spezieller Art nach Massgabe und W\u00fcnschen der Kunden und sind \u2026 <a class=\"continue-reading-link\" href=\"https:\/\/arekkowal.pl\/?page_id=68&#038;lang=de\"> Wi\u0119cej<\/a><\/p>\n","protected":false},"author":1,"featured_media":0,"parent":0,"menu_order":0,"comment_status":"closed","ping_status":"closed","template":"","meta":{"ngg_post_thumbnail":0,"footnotes":""},"class_list":["post-68","page","type-page","status-publish","hentry"],"_links":{"self":[{"href":"https:\/\/arekkowal.pl\/index.php?rest_route=\/wp\/v2\/pages\/68","targetHints":{"allow":["GET"]}}],"collection":[{"href":"https:\/\/arekkowal.pl\/index.php?rest_route=\/wp\/v2\/pages"}],"about":[{"href":"https:\/\/arekkowal.pl\/index.php?rest_route=\/wp\/v2\/types\/page"}],"author":[{"embeddable":true,"href":"https:\/\/arekkowal.pl\/index.php?rest_route=\/wp\/v2\/users\/1"}],"replies":[{"embeddable":true,"href":"https:\/\/arekkowal.pl\/index.php?rest_route=%2Fwp%2Fv2%2Fcomments&post=68"}],"version-history":[{"count":1,"href":"https:\/\/arekkowal.pl\/index.php?rest_route=\/wp\/v2\/pages\/68\/revisions"}],"predecessor-version":[{"id":482,"href":"https:\/\/arekkowal.pl\/index.php?rest_route=\/wp\/v2\/pages\/68\/revisions\/482"}],"wp:attachment":[{"href":"https:\/\/arekkowal.pl\/index.php?rest_route=%2Fwp%2Fv2%2Fmedia&parent=68"}],"curies":[{"name":"wp","href":"https:\/\/api.w.org\/{rel}","templated":true}]}}