{"id":66,"date":"2015-11-02T23:27:31","date_gmt":"2015-11-02T23:27:31","guid":{"rendered":"http:\/\/fotokom-szczecin24.pl\/?page_id=66"},"modified":"2025-09-16T19:23:14","modified_gmt":"2025-09-16T17:23:14","slug":"o-nas","status":"publish","type":"page","link":"https:\/\/arekkowal.pl\/?page_id=66&lang=pl","title":{"rendered":"O nas"},"content":{"rendered":"<p>Firma KOWAL zosta\u0142a za\u0142o\u017cona w 2000 roku. Jest ca\u0142kowicie prywatn\u0105 firm\u0105 dzia\u0142aj\u0105c\u0105 w obszarze przemys\u0142u stoczniowego i okr\u0119towego.<br \/>\nSpecjalizujemy si\u0119 w remontach statk\u00f3w, holownik\u00f3w , barek oraz innych jednostek p\u0142ywaj\u0105cych.<br \/>\nPonadto wykonujemy konstrukcje stalowe i aluminiowe, a tak\u017ce jeste\u015bmy gotowi wykonywa\u0107 budow\u0119 ma\u0142ych jednostek p\u0142ywaj\u0105cych ze stali lub aluminium.<br \/>\nPosiadamy do\u015bwiadczenie w wykonywaniu modernizacji, przebudowy statk\u00f3w i innych jednostek p\u0142ywaj\u0105cych.&lt;<br \/>\nWykonujemy kompleksowe mocowania nietypowych \u0142adunk\u00f3w w portach polskich i zagranicznych.<br \/>\nWymienione wy\u017cej prace mo\u017cemy wykonywa\u0107 na terenie Stoczni w Szczecinie i \u015awinouj\u015bciu lub na miejscu wskazanym przez Armatora lub Inwestora.<br \/>\nDzia\u0142amy nie tylko w obszarze przemys\u0142u morskiego, ale te\u017c i na l\u0105dzie wykonuj\u0105c konstrukcje stalowe oraz instalacje przemys\u0142owe.<br \/>\nW 2018 zosta\u0142a przekszta\u0142cona w KOWAL Ltd Sp. z o.o.<br \/>\nPrezes Zarz\u0105du Arkadiusz Frontczak<\/p>\n","protected":false},"excerpt":{"rendered":"<p>Firma KOWAL zosta\u0142a za\u0142o\u017cona w 2000 roku. Jest ca\u0142kowicie prywatn\u0105 firm\u0105 dzia\u0142aj\u0105c\u0105 w obszarze przemys\u0142u stoczniowego i okr\u0119towego. Specjalizujemy si\u0119 w remontach statk\u00f3w, holownik\u00f3w , barek oraz innych jednostek p\u0142ywaj\u0105cych. Ponadto wykonujemy konstrukcje stalowe i aluminiowe, a tak\u017ce jeste\u015bmy gotowi wykonywa\u0107 budow\u0119 ma\u0142ych jednostek p\u0142ywaj\u0105cych ze stali lub aluminium. Posiadamy \u2026 <a class=\"continue-reading-link\" href=\"https:\/\/arekkowal.pl\/?page_id=66&#038;lang=pl\"> Wi\u0119cej<\/a><\/p>\n","protected":false},"author":1,"featured_media":0,"parent":0,"menu_order":0,"comment_status":"closed","ping_status":"closed","template":"","meta":{"ngg_post_thumbnail":0,"footnotes":""},"class_list":["post-66","page","type-page","status-publish","hentry"],"_links":{"self":[{"href":"https:\/\/arekkowal.pl\/index.php?rest_route=\/wp\/v2\/pages\/66","targetHints":{"allow":["GET"]}}],"collection":[{"href":"https:\/\/arekkowal.pl\/index.php?rest_route=\/wp\/v2\/pages"}],"about":[{"href":"https:\/\/arekkowal.pl\/index.php?rest_route=\/wp\/v2\/types\/page"}],"author":[{"embeddable":true,"href":"https:\/\/arekkowal.pl\/index.php?rest_route=\/wp\/v2\/users\/1"}],"replies":[{"embeddable":true,"href":"https:\/\/arekkowal.pl\/index.php?rest_route=%2Fwp%2Fv2%2Fcomments&post=66"}],"version-history":[{"count":2,"href":"https:\/\/arekkowal.pl\/index.php?rest_route=\/wp\/v2\/pages\/66\/revisions"}],"predecessor-version":[{"id":1132,"href":"https:\/\/arekkowal.pl\/index.php?rest_route=\/wp\/v2\/pages\/66\/revisions\/1132"}],"wp:attachment":[{"href":"https:\/\/arekkowal.pl\/index.php?rest_route=%2Fwp%2Fv2%2Fmedia&parent=66"}],"curies":[{"name":"wp","href":"https:\/\/api.w.org\/{rel}","templated":true}]}}