{"id":24,"date":"2015-09-20T19:03:40","date_gmt":"2015-09-20T19:03:40","guid":{"rendered":"http:\/\/fotokom-szczecin24.pl\/?page_id=7"},"modified":"2025-09-16T19:43:45","modified_gmt":"2025-09-16T17:43:45","slug":"uslugi-2","status":"publish","type":"page","link":"https:\/\/arekkowal.pl\/?page_id=24&lang=pl","title":{"rendered":"Us\u0142ugi"},"content":{"rendered":"<ul>\n<li>Mocowania \u0142adunk\u00f3w na statkach:<br \/>\n\u0142adunki nietypowe, gdzie wymagane jest spawanie D-Ring\u00f3w, klamer, stoper\u00f3w, mocowanie \u0142a\u0144cuchami oraz stalowymi linami.<\/li>\n<li>Modernizacja zbiornik\u00f3w oraz maszyn przemys\u0142owych<\/li>\n<li>Wykonywanie nietypowych zam\u00f3wie\u0144 miedzy innymi na:<br \/>\nzbiorniki, zsypy, urz\u0105dzenia do odsiarczania spalin, ta\u015bmoci\u0105gi, m\u0142ynki, m\u0142yny do kruszyw, czerpaki do koparek&#8230;<\/li>\n<\/ul>\n<p>Na \u017cyczenie klienta wykonujemy w\/w elementy ze stali (ocynkowanej, malowanej proszkowo lub natryskowo, nierdzewnej, aluminium).<\/p>\n<p>Wykonujemy zadania produkcji, w tym:<\/p>\n<ul>\n<li>ci\u0119cie na zimno<\/li>\n<li>ci\u0119cie gazowe<\/li>\n<li>ci\u0119cie palnikiem<\/li>\n<li>zwijanie blach i kszta\u0142townik\u00f3w<\/li>\n<li>wykonywanie konstrukcji stalowych i aluminiowych<\/li>\n<li>prostowanie gotowych konstrukcji ze stali i aluminium<\/li>\n<li>walcowanie, gi\u0119cie, obr\u00f3bka maszynowa<\/li>\n<\/ul>\n<p>Spawania konstrukcji:<\/p>\n<ul>\n<li>elektrodami otulonymi<\/li>\n<li>w os\u0142onie gaz\u00f3w ochronnych metod\u0105: MAG\/MIG, TIG<\/li>\n<li>automatycznie \u0142ukiem krytym pod topnikiem<\/li>\n<\/ul>\n<p>Oferujemy us\u0142ugi ci\u0119cia plazm\u0105:<\/p>\n<ul>\nPrzecinanie wydajn\u0105 pi\u0142\u0105 ta\u015bmow\u0105 do \u015brednicy 360 mm<\/p>\n<li>stal<\/li>\n<li>tworzywa<\/li>\n<li>metale kolorowe<\/li>\n<\/ul>\n<p>Us\u0142ugi <strong>koparko-\u0142adowark\u0105 JCB 4CX<\/strong><br \/>\noraz<br \/>\n<strong>\u0141adowark\u0105 teleskopow\u0105 MANITOU 2550 MRT<\/strong><\/p>\n","protected":false},"excerpt":{"rendered":"<p>Mocowania \u0142adunk\u00f3w na statkach: \u0142adunki nietypowe, gdzie wymagane jest spawanie D-Ring\u00f3w, klamer, stoper\u00f3w, mocowanie \u0142a\u0144cuchami oraz stalowymi linami. Modernizacja zbiornik\u00f3w oraz maszyn przemys\u0142owych Wykonywanie nietypowych zam\u00f3wie\u0144 miedzy innymi na: zbiorniki, zsypy, urz\u0105dzenia do odsiarczania spalin, ta\u015bmoci\u0105gi, m\u0142ynki, m\u0142yny do kruszyw, czerpaki do koparek&#8230; Na \u017cyczenie klienta wykonujemy w\/w elementy ze \u2026 <a class=\"continue-reading-link\" href=\"https:\/\/arekkowal.pl\/?page_id=24&#038;lang=pl\"> Wi\u0119cej<\/a><\/p>\n","protected":false},"author":1,"featured_media":0,"parent":0,"menu_order":0,"comment_status":"closed","ping_status":"closed","template":"","meta":{"ngg_post_thumbnail":0,"footnotes":""},"class_list":["post-24","page","type-page","status-publish","hentry"],"_links":{"self":[{"href":"https:\/\/arekkowal.pl\/index.php?rest_route=\/wp\/v2\/pages\/24","targetHints":{"allow":["GET"]}}],"collection":[{"href":"https:\/\/arekkowal.pl\/index.php?rest_route=\/wp\/v2\/pages"}],"about":[{"href":"https:\/\/arekkowal.pl\/index.php?rest_route=\/wp\/v2\/types\/page"}],"author":[{"embeddable":true,"href":"https:\/\/arekkowal.pl\/index.php?rest_route=\/wp\/v2\/users\/1"}],"replies":[{"embeddable":true,"href":"https:\/\/arekkowal.pl\/index.php?rest_route=%2Fwp%2Fv2%2Fcomments&post=24"}],"version-history":[{"count":6,"href":"https:\/\/arekkowal.pl\/index.php?rest_route=\/wp\/v2\/pages\/24\/revisions"}],"predecessor-version":[{"id":1141,"href":"https:\/\/arekkowal.pl\/index.php?rest_route=\/wp\/v2\/pages\/24\/revisions\/1141"}],"wp:attachment":[{"href":"https:\/\/arekkowal.pl\/index.php?rest_route=%2Fwp%2Fv2%2Fmedia&parent=24"}],"curies":[{"name":"wp","href":"https:\/\/api.w.org\/{rel}","templated":true}]}}