{"id":21,"date":"2015-09-20T19:03:05","date_gmt":"2015-09-20T19:03:05","guid":{"rendered":"http:\/\/fotokom-szczecin24.pl\/?page_id=5"},"modified":"2016-03-13T18:11:00","modified_gmt":"2016-03-13T17:11:00","slug":"oferta-2","status":"publish","type":"page","link":"https:\/\/arekkowal.pl\/?page_id=21&lang=pl","title":{"rendered":"Oferta"},"content":{"rendered":"<div class=\"box\" id=\"offer1\">\n<ul>\n<li>Remonty statk\u00f3w i jednostek p\u0142ywaj\u0105cych:\n<ul>\n<li>Prace stalowe i \u015blusarskie<\/li>\n<li>ruroci\u0105gi<\/li>\n<li>prace maszynowe<\/li>\n<li>prace elektryczne<\/li>\n<li>ch\u0142odnictwo i klimatyzacja<\/li>\n<li>hydraulika si\u0142owa &#8211; naprawa, wymiana,regeneracja, dostawy cz\u0119\u015bci<\/li>\n<\/ul>\n<\/li>\n<li>Profesjonalne mocowanie \u0142adunk\u00f3w gabarytowych na statkach<\/li>\n<li>Budowa ma\u0142ych jednostek , sekcji kad\u0142ub\u00f3w zar\u00f3wno ze stali jak i z aluminium<\/li>\n<li>Wykonywanie konstrukcji stalowych i aluminiowych<\/li>\n<li>Prostowanie gotowych konstrukcji ze stali i aluminium<\/li>\n<li>Walcowanie, gi\u0119cie, obr\u00f3bka maszynowa<\/li>\n<li>Na wyposa\u017ceniu firmy posiadamy now\u0105 koparko \u0142adowark\u0119 JCB 4CX- profesjonalnie wykonywanie rob\u00f3t ziemnych.<\/li>\n<\/ul>\n<\/div>\n","protected":false},"excerpt":{"rendered":"<p>Remonty statk\u00f3w i jednostek p\u0142ywaj\u0105cych: Prace stalowe i \u015blusarskie ruroci\u0105gi prace maszynowe prace elektryczne ch\u0142odnictwo i klimatyzacja hydraulika si\u0142owa &#8211; naprawa, wymiana,regeneracja, dostawy cz\u0119\u015bci Profesjonalne mocowanie \u0142adunk\u00f3w gabarytowych na statkach Budowa ma\u0142ych jednostek , sekcji kad\u0142ub\u00f3w zar\u00f3wno ze stali jak i z aluminium Wykonywanie konstrukcji stalowych i aluminiowych Prostowanie gotowych \u2026 <a class=\"continue-reading-link\" href=\"https:\/\/arekkowal.pl\/?page_id=21&#038;lang=pl\"> Wi\u0119cej<\/a><\/p>\n","protected":false},"author":1,"featured_media":0,"parent":0,"menu_order":0,"comment_status":"closed","ping_status":"closed","template":"","meta":{"ngg_post_thumbnail":0,"footnotes":""},"class_list":["post-21","page","type-page","status-publish","hentry"],"_links":{"self":[{"href":"https:\/\/arekkowal.pl\/index.php?rest_route=\/wp\/v2\/pages\/21","targetHints":{"allow":["GET"]}}],"collection":[{"href":"https:\/\/arekkowal.pl\/index.php?rest_route=\/wp\/v2\/pages"}],"about":[{"href":"https:\/\/arekkowal.pl\/index.php?rest_route=\/wp\/v2\/types\/page"}],"author":[{"embeddable":true,"href":"https:\/\/arekkowal.pl\/index.php?rest_route=\/wp\/v2\/users\/1"}],"replies":[{"embeddable":true,"href":"https:\/\/arekkowal.pl\/index.php?rest_route=%2Fwp%2Fv2%2Fcomments&post=21"}],"version-history":[{"count":1,"href":"https:\/\/arekkowal.pl\/index.php?rest_route=\/wp\/v2\/pages\/21\/revisions"}],"predecessor-version":[{"id":505,"href":"https:\/\/arekkowal.pl\/index.php?rest_route=\/wp\/v2\/pages\/21\/revisions\/505"}],"wp:attachment":[{"href":"https:\/\/arekkowal.pl\/index.php?rest_route=%2Fwp%2Fv2%2Fmedia&parent=21"}],"curies":[{"name":"wp","href":"https:\/\/api.w.org\/{rel}","templated":true}]}}